{"id":2,"date":"2013-12-28T18:03:39","date_gmt":"2013-12-28T18:03:39","guid":{"rendered":"http:\/\/localhost\/wordpress-3.7\/wordpress\/?page_id=2"},"modified":"2018-04-04T11:05:19","modified_gmt":"2018-04-04T11:05:19","slug":"sample-page","status":"publish","type":"page","link":"https:\/\/scheidung-harmonisch.de\/","title":{"rendered":"Warum eine harmonische Scheidung?"},"content":{"rendered":"<p><strong>F\u00fcr eine sogenannte &#8222;einvernehmliche Scheidung&#8220; sprechen vielerlei Gr\u00fcnde, vor allem aber kann diese viel Geld sparen. Sofern Sie als Beteiligte so vern\u00fcnftig sind, sich auch in diesem Rahmen\u00a0sachlich und &#8222;auf Augenh\u00f6he zu begegnen&#8220; und die wesentlichen Details Ihrer Trennung \u00fcbereinstimmend untereinander zu regeln, k\u00f6nnen Sie die Kosten f\u00fcr die Beauftragung eines zweiten Rechtsanwalts vermeiden. Zudem ist\u00a0die vorgerichtliche &#8222;einvernehmliche&#8220; Einigung f\u00fcr s\u00e4mtliche Betroffene\u00a0angenehmer und sinnvoller als ein teures streitiges Gerichtsverfahren mit bis zu 7 unterschiedlichen Unterprozessen.<\/strong><\/p>\n<p>&nbsp;<\/p>\n<p><a href=\"http:\/\/scheidung-harmonisch.de\/wp-content\/uploads\/2013\/12\/IMG_0252.jpg\"><img loading=\"lazy\" class=\"alignnone wp-image-120\" src=\"http:\/\/scheidung-harmonisch.de\/wp-content\/uploads\/2013\/12\/IMG_0252.jpg\" alt=\"IMG_0252\" width=\"900\" height=\"682\" srcset=\"https:\/\/scheidung-harmonisch.de\/wp-content\/uploads\/2013\/12\/IMG_0252.jpg 1013w, https:\/\/scheidung-harmonisch.de\/wp-content\/uploads\/2013\/12\/IMG_0252-300x227.jpg 300w\" sizes=\"(max-width: 900px) 100vw, 900px\" \/><\/a><\/p>\n<p>&nbsp;<\/p>\n<p><strong>&#8222;Scheidung-harmonisch&#8220; setzt sich zusammen aus den W\u00f6rtern &#8222;Scheidung&#8220; und &#8222;harmonisch&#8220;!<\/strong><\/p>\n<p>Als Rechtsanw\u00e4ltin und als Therapeut haben wir leider schon viele Trennungen oder Scheidungen mit ansehen m\u00fcssen, welche nicht besonders harmonisch abgelaufen sind!<\/p>\n<p>Dies ist sehr schade, denn eine Trennung bzw. Scheidung beendet zwar grunds\u00e4tzlich eine Ehe oder eine Partnerschaft, aber eben nicht die dahinter stehende menschliche Beziehung. In der \u00fcberwiegenden Zahl der F\u00e4lle\u00a0stehen Sie als Betroffene durchaus weiterhin\u00a0miteinander in (einer) Beziehung, dies vor allem wenn\u00a0Kinder aus Ihrer Partnerschaft hervorgegangen sind.<\/p>\n<p>In der ersten Zeit w\u00e4hrend oder nach einer Trennung werden Sie vornehmlich rein emotionale Gedanken hegen und dem jeweils Anderen nicht oder zumindest schlecht verzeihen k\u00f6nnen. Sie sind m\u00f6glicherweise der Auffassung\u00a0&#8222;meine Ehe ist kaputt, \u00a0und ich kann den Anderen schon rein physisch nicht mehr ertragen&#8220;. Sie sind verst\u00e4ndlicherweise entt\u00e4uscht, verletzt, traurig, w\u00fctend oder m\u00f6chten sich f\u00fcr das Ihnen aus subjektiver Sicht angetane &#8222;Unrecht&#8220; am liebsten schmerzvoll an Ihrem Ex-Partner oder Ihrer Ex-Partnerin effektiv r\u00e4chen.<\/p>\n<p>Wir verstehen dies, eine Trennung und gerade eine Scheidung mit all Ihren (zun\u00e4chst\u00a0negativ erscheinenden) Konsequenzen ist eine sehr emotionale Angelegenheit.<\/p>\n<p>&nbsp;<\/p>\n<p><strong>Aber das Leben geht weiter!<\/strong><\/p>\n<p><strong>Ist es nicht zielf\u00fchrender, eine wirklich tragf\u00e4hige L\u00f6sung f\u00fcr alle Beteiligten zu finden?<\/strong><\/p>\n<p>&nbsp;<\/p>\n<p>Anstatt sich z.B. an der D\u00fcsseldorfer Tabelle &#8222;festzubeissen&#8220;, macht es viel mehr Sinn, sich an einen Tisch zu setzen und mit unserer Unterst\u00fctzung in einer oder auch mehreren Sitzungen eine L\u00f6sung zu finden, welche f\u00fcr beide Seiten akzeptabel ist!<\/p>\n<p>Dies kann zum einen einen teuren zweiten Rechtsanwalt sparen sowie ebenfalls ein kostspieliges, da langwieriges Gerichtsverfahren mit zahlreichen Unterprozessen zu diversen Fragen der Verm\u00f6gensauseinandersetzung und Regelung der elterlichen F\u00fcrsorge.<\/p>\n<p>Mit meinem Kollegen, welcher als erfahrener Therapeut das Gespr\u00e4ch mit mir zusammen moderiert, soll es dabei\u00a0nicht um Schuldzuweisungen gehen. Wir schauen stattdessen\u00a0mit Ihnen gemeinsam &#8222;nach vorne&#8220; in die Zukunft und suchen einen (Aus-) Weg, der zu einer echten L\u00f6sung f\u00fcr beide Seiten f\u00fchrt und dies funktioniert\u00a0&#8211; mit Ihrer Unterst\u00fctzung und bei vorhandener Motivation &#8211; meistens\u00a0sehr gut!<\/p>\n<p>Wir gehen davon aus, dass Sie sich einmal geliebt haben \u2026. wollen Sie dies wirklich mit einem &#8222;Kleinkrieg&#8220; und dem &#8222;Waschen schmutziger W\u00e4sche&#8220; vor Gericht\u00a0beenden? Finden Sie\u00a0dies w\u00fcrdevoll?<\/p>\n<p>Jeder vern\u00fcnftig denkende Mensch wird eine solche direkte, effiziente und kosteng\u00fcnstige Variante einer klassischen, streitigen Scheidung vor Gericht mit zig Einzelprozessen\u00a0vorziehen.<\/p>\n<p>Das\u00a0neue Scheidungsrecht\u00a0erlaubt es Ihnen als Beteiligten und direkt Betroffenen, sich \u00fcber fast s\u00e4mtliche Fragen einer Trennung pers\u00f6nlich und vorgerichtlich zu einigen und diese ganz in Ihrem Sinne f\u00fcr sich selbst zu entscheiden.<\/p>\n<p>Dies bedeutet, Sie k\u00f6nnen die finanziellen Aspekte wie die Festlegung des Kindesunterhalts, Verm\u00f6gensauseinandersetzungen zu einer gemeinsam erworbenen Immobilie, zum Hausrat, zum sogenannten Versorgungs- und Zugewinnausgleich, zum Trennungsunterhalt oder auch nachehelichen Unterhalt, zur Verteilung der Rentenanwartschaften oder auch Erbschaftsfragen untereinander mit Hilfe anwaltlicher Beratung direkt festlegen. Auch die Regelung der elterlichen Sorge und der weiteren Betreuung Ihres Nachwuchses obliegt allein Ihrer eigenen Entscheidung.<\/p>\n<p>Machen Sie von diesen Ihnen gegebenen Gestaltungsspielr\u00e4umen Gebrauch!<\/p>\n<p>Die daraus resultierenden Ergebnisse sind f\u00fcr Sie pers\u00f6nlich in der Regel zufriedenstellender und entsprechen eher Ihren Vorstellungen als die einseitig auferlegte Entscheidung eines Richters, welcher Sie als Beteiligte weder pers\u00f6nlich kennt noch ausreichend Zeit und Musse hatte, sich mit Ihren wirklichen Bed\u00fcrfnissen intensiv auseinander zu setzen.<\/p>\n<p><strong><span style=\"line-height: 1.5;\">Wir halten dies f\u00fcr pragmatisch!<\/span><\/strong><\/p>\n<p>Finden Sie eine L\u00f6sung, damit Ihr Leben positiv und angenehm weitergehen kann &#8211; dies m\u00f6glichst einfach, schnell und kosteng\u00fcnstig! &#8211; und sowohl Sie als auch Ihre Kinder schlie\u00dflich das zur\u00fcck erhalten, was in letzter Zeit vermutlich leider selten geworden ist, was aber letztlich wesentlich wichtiger ist als die schier endlosen Streitereien um rein materielle Dinge:<\/p>\n<p>&nbsp;<\/p>\n<p style=\"text-align: center;\"><strong>Ruhe, Frieden und Harmonie!<\/strong><\/p>\n<p>&nbsp;<\/p>\n<p><strong>Was bei einer Trennung&#8230;<\/strong><\/p>\n<p>\u2026. oder\u00a0Scheidung zu beachten ist &#8211;\u00a0ein kurzes lehrreiches Video des Deutschen Anwaltsvereins:<\/p>\n<p>&nbsp;<\/p>\n<p><iframe loading=\"lazy\" width=\"730\" height=\"411\" src=\"https:\/\/www.youtube.com\/embed\/nqDqRK98vnU?feature=oembed\" frameborder=\"0\" allow=\"autoplay; encrypted-media\" allowfullscreen><\/iframe><\/p>\n<p>&nbsp;<\/p>\n<p><strong><span style=\"line-height: 1.5;\">Das wollen wir Ihnen ersparen&#8230;<\/span><\/strong><\/p>\n<p><span style=\"line-height: 1.5;\">So sollte es nach M\u00f6glichkeit f\u00fcr keine von beiden Seiten ausgehen &#8211; dies ist bei Scheidungsverfahren nach &#8222;klassischer&#8220; Art aber leider nur allzu h\u00e4ufig die\u00a0Konsequenz und zeigt deutlich: <\/span><\/p>\n<p><span style=\"line-height: 1.5;\">hinter jedem juristischen Fall, erst recht bei einer Trennung oder Scheidung, stehen letztlich menschliche Schicksale!<\/span><\/p>\n<p>&nbsp;<\/p>\n<p><iframe loading=\"lazy\" width=\"730\" height=\"411\" src=\"https:\/\/www.youtube.com\/embed\/l-YfezbzUzA?feature=oembed\" frameborder=\"0\" allow=\"autoplay; encrypted-media\" allowfullscreen><\/iframe><\/p>\n<p><iframe loading=\"lazy\" width=\"730\" height=\"411\" src=\"https:\/\/www.youtube.com\/embed\/9lXBbu2rhU8?feature=oembed\" frameborder=\"0\" allow=\"autoplay; encrypted-media\" allowfullscreen><\/iframe><\/p>\n<p><span style=\"line-height: 1.5;\">\u00a0<\/span><\/p>\n","protected":false},"excerpt":{"rendered":"<p>F\u00fcr eine sogenannte &#8222;einvernehmliche Scheidung&#8220; sprechen vielerlei Gr\u00fcnde, vor allem aber kann diese viel Geld sparen. Sofern Sie als Beteiligte so vern\u00fcnftig sind, sich auch in diesem Rahmen\u00a0sachlich und &#8222;auf Augenh\u00f6he zu begegnen&#8220; und die wesentlichen Details Ihrer Trennung \u00fcbereinstimmend untereinander zu regeln, k\u00f6nnen Sie die Kosten f\u00fcr die Beauftragung eines zweiten Rechtsanwalts vermeiden. Zudem <a class=\"more-link\" href=\"https:\/\/scheidung-harmonisch.de\/\">Continue reading <i class=\"fa fa-chevron-right\"><\/i><\/a><\/p>\n","protected":false},"author":1,"featured_media":0,"parent":0,"menu_order":1,"comment_status":"closed","ping_status":"closed","template":"","meta":[],"_links":{"self":[{"href":"https:\/\/scheidung-harmonisch.de\/index.php?rest_route=\/wp\/v2\/pages\/2"}],"collection":[{"href":"https:\/\/scheidung-harmonisch.de\/index.php?rest_route=\/wp\/v2\/pages"}],"about":[{"href":"https:\/\/scheidung-harmonisch.de\/index.php?rest_route=\/wp\/v2\/types\/page"}],"author":[{"embeddable":true,"href":"https:\/\/scheidung-harmonisch.de\/index.php?rest_route=\/wp\/v2\/users\/1"}],"replies":[{"embeddable":true,"href":"https:\/\/scheidung-harmonisch.de\/index.php?rest_route=%2Fwp%2Fv2%2Fcomments&post=2"}],"version-history":[{"count":23,"href":"https:\/\/scheidung-harmonisch.de\/index.php?rest_route=\/wp\/v2\/pages\/2\/revisions"}],"predecessor-version":[{"id":241,"href":"https:\/\/scheidung-harmonisch.de\/index.php?rest_route=\/wp\/v2\/pages\/2\/revisions\/241"}],"wp:attachment":[{"href":"https:\/\/scheidung-harmonisch.de\/index.php?rest_route=%2Fwp%2Fv2%2Fmedia&parent=2"}],"curies":[{"name":"wp","href":"https:\/\/api.w.org\/{rel}","templated":true}]}}