{"id":210,"date":"2018-03-17T19:36:20","date_gmt":"2018-03-17T19:36:20","guid":{"rendered":"http:\/\/scheidung-harmonisch.de\/?page_id=210"},"modified":"2019-01-07T20:59:42","modified_gmt":"2019-01-07T20:59:42","slug":"sexualstrafrecht-der-missbrauch-mit-dem-missbrauch","status":"publish","type":"page","link":"https:\/\/scheidung-harmonisch.de\/?page_id=210","title":{"rendered":"Sexualstrafrecht &#8211; Der Missbrauch mit dem Missbrauch!"},"content":{"rendered":"<p>Leider immer wieder ein aktuelles Thema, nicht nur im Rahmen von Scheidungsverfahren, aber auch dort regelm\u00e4\u00dfig als Instrument der &#8222;Rache&#8220; anzutreffen &#8230; der Vorwurf einer sexuellen N\u00f6tigung oder gar einer Vergewaltigung oder sogar des Missbrauchs der (gemeinsamen) Kinder steht schnell im Raum &#8230; gerade in Zeiten der weltweiten #metoo &#8211; Kampagnen ist dieser \u00e4u\u00dferst gesellschaftstauglich und wird auch von Gerichten nicht immer aus der Welt geschafft!<\/p>\n<p>Im Rahmen der angesagten Political Correctness f\u00e4llt es schwer, diesem entgegenzutreten und das Umfeld oder die \u00d6ffentlichkeit, von der eigenen Unschuld zu \u00fcberzeugen, auch wenn derartige Vorw\u00fcrfe mit keinerlei Beweismaterial belegt werden!<\/p>\n<p>Gerade auf dem Gebiet des Sexualstrafrechts kommt es daher zu einer ungew\u00f6hnlich hohen Anzahl von Fehlurteilen bzw. Verurteilungen, sofern eine Verteidigung &#8211; m\u00f6glichst schon im Ermittlungsverfahren &#8211; nicht nachhaltig und taktisch klug erfolgt.<\/p>\n<p>Selbst bei reinen Aussage-gegen-Aussage Konstellationen, wird der Grundsatz &#8222;in dubios pro reo&#8220; hier leider von den Gerichten oft verletzt!<\/p>\n<p>Sorgen Sie daher rechtzeitig f\u00fcr eine qualifizierte und \u00fcberzeugende Rechtsverteidigung!<\/p>\n<p>Denn eine anhaltende und schwer zu beseitigende Rufsch\u00e4digung in der Form &#8222;Da muss ja etwas dran gewesen sein&#8230;!&#8220; &#8230; &#8222;So ein Vorwurf kommt doch nicht von ungef\u00e4hr!&#8220; &#8230; ist, einmal entstanden, leider schwer wieder &#8222;aus der Welt zu schaffen&#8220;.<\/p>\n<p>Selbstverst\u00e4ndlich distanzieren wir uns an dieser Stelle ausdr\u00fccklich von der &#8222;Verharmlosung&#8220; tats\u00e4chlich vorgefallener Straftaten!<\/p>\n<p>Aktuelle Zeitungsartikel zu erstrittenen Urteilen:<\/p>\n<p><a href=\"http:\/\/scheidung-harmonisch.de\/wp-content\/uploads\/2018\/03\/Friese_Freispruch_Presse_17032018.jpeg\"><img loading=\"lazy\" class=\"alignnone size-medium wp-image-220\" src=\"http:\/\/scheidung-harmonisch.de\/wp-content\/uploads\/2018\/03\/Friese_Freispruch_Presse_17032018-212x300.jpeg\" alt=\"\" width=\"212\" height=\"300\" srcset=\"https:\/\/scheidung-harmonisch.de\/wp-content\/uploads\/2018\/03\/Friese_Freispruch_Presse_17032018-212x300.jpeg 212w, https:\/\/scheidung-harmonisch.de\/wp-content\/uploads\/2018\/03\/Friese_Freispruch_Presse_17032018-768x1086.jpeg 768w, https:\/\/scheidung-harmonisch.de\/wp-content\/uploads\/2018\/03\/Friese_Freispruch_Presse_17032018-724x1024.jpeg 724w, https:\/\/scheidung-harmonisch.de\/wp-content\/uploads\/2018\/03\/Friese_Freispruch_Presse_17032018.jpeg 1654w\" sizes=\"(max-width: 212px) 100vw, 212px\" \/><\/a><a href=\"http:\/\/scheidung-harmonisch.de\/wp-content\/uploads\/2018\/03\/Friese_Freispruch_Presse_17032018-1.jpeg\"><img loading=\"lazy\" class=\"alignnone size-medium wp-image-221\" src=\"http:\/\/scheidung-harmonisch.de\/wp-content\/uploads\/2018\/03\/Friese_Freispruch_Presse_17032018-1-212x300.jpeg\" alt=\"\" width=\"212\" height=\"300\" srcset=\"https:\/\/scheidung-harmonisch.de\/wp-content\/uploads\/2018\/03\/Friese_Freispruch_Presse_17032018-1-212x300.jpeg 212w, https:\/\/scheidung-harmonisch.de\/wp-content\/uploads\/2018\/03\/Friese_Freispruch_Presse_17032018-1-768x1086.jpeg 768w, https:\/\/scheidung-harmonisch.de\/wp-content\/uploads\/2018\/03\/Friese_Freispruch_Presse_17032018-1-724x1024.jpeg 724w, https:\/\/scheidung-harmonisch.de\/wp-content\/uploads\/2018\/03\/Friese_Freispruch_Presse_17032018-1.jpeg 1654w\" sizes=\"(max-width: 212px) 100vw, 212px\" \/><\/a><a href=\"http:\/\/scheidung-harmonisch.de\/wp-content\/uploads\/2018\/03\/Friese_Freispruch_Presse_17032018-2.jpeg\"><img loading=\"lazy\" class=\"alignnone size-medium wp-image-222\" src=\"http:\/\/scheidung-harmonisch.de\/wp-content\/uploads\/2018\/03\/Friese_Freispruch_Presse_17032018-2-212x300.jpeg\" alt=\"\" width=\"212\" height=\"300\" srcset=\"https:\/\/scheidung-harmonisch.de\/wp-content\/uploads\/2018\/03\/Friese_Freispruch_Presse_17032018-2-212x300.jpeg 212w, https:\/\/scheidung-harmonisch.de\/wp-content\/uploads\/2018\/03\/Friese_Freispruch_Presse_17032018-2-768x1086.jpeg 768w, https:\/\/scheidung-harmonisch.de\/wp-content\/uploads\/2018\/03\/Friese_Freispruch_Presse_17032018-2-724x1024.jpeg 724w, https:\/\/scheidung-harmonisch.de\/wp-content\/uploads\/2018\/03\/Friese_Freispruch_Presse_17032018-2.jpeg 1654w\" sizes=\"(max-width: 212px) 100vw, 212px\" \/><\/a><a href=\"http:\/\/scheidung-harmonisch.de\/wp-content\/uploads\/2018\/03\/Friese_Freispruch_Presse_17032018-3.jpeg\"><img loading=\"lazy\" class=\"alignnone size-medium wp-image-223\" src=\"http:\/\/scheidung-harmonisch.de\/wp-content\/uploads\/2018\/03\/Friese_Freispruch_Presse_17032018-3-212x300.jpeg\" alt=\"\" width=\"212\" height=\"300\" srcset=\"https:\/\/scheidung-harmonisch.de\/wp-content\/uploads\/2018\/03\/Friese_Freispruch_Presse_17032018-3-212x300.jpeg 212w, https:\/\/scheidung-harmonisch.de\/wp-content\/uploads\/2018\/03\/Friese_Freispruch_Presse_17032018-3-768x1086.jpeg 768w, https:\/\/scheidung-harmonisch.de\/wp-content\/uploads\/2018\/03\/Friese_Freispruch_Presse_17032018-3-724x1024.jpeg 724w, https:\/\/scheidung-harmonisch.de\/wp-content\/uploads\/2018\/03\/Friese_Freispruch_Presse_17032018-3.jpeg 1654w\" sizes=\"(max-width: 212px) 100vw, 212px\" \/><\/a><a href=\"http:\/\/scheidung-harmonisch.de\/wp-content\/uploads\/2018\/03\/Friese_Freispruch_Presse_17032018-4-e1521316881970.jpeg\"><img loading=\"lazy\" class=\"alignnone size-medium wp-image-226\" src=\"http:\/\/scheidung-harmonisch.de\/wp-content\/uploads\/2018\/03\/Friese_Freispruch_Presse_17032018-4-e1521316881970-300x212.jpeg\" alt=\"\" width=\"300\" height=\"212\" srcset=\"https:\/\/scheidung-harmonisch.de\/wp-content\/uploads\/2018\/03\/Friese_Freispruch_Presse_17032018-4-e1521316881970-300x212.jpeg 300w, https:\/\/scheidung-harmonisch.de\/wp-content\/uploads\/2018\/03\/Friese_Freispruch_Presse_17032018-4-e1521316881970-768x543.jpeg 768w, https:\/\/scheidung-harmonisch.de\/wp-content\/uploads\/2018\/03\/Friese_Freispruch_Presse_17032018-4-e1521316881970-1024x724.jpeg 1024w\" sizes=\"(max-width: 300px) 100vw, 300px\" \/><\/a><\/p>\n","protected":false},"excerpt":{"rendered":"<p>Leider immer wieder ein aktuelles Thema, nicht nur im Rahmen von Scheidungsverfahren, aber auch dort regelm\u00e4\u00dfig als Instrument der &#8222;Rache&#8220; anzutreffen &#8230; der Vorwurf einer sexuellen N\u00f6tigung oder gar einer Vergewaltigung oder sogar des Missbrauchs der (gemeinsamen) Kinder steht schnell im Raum &#8230; gerade in Zeiten der weltweiten #metoo &#8211; Kampagnen ist dieser \u00e4u\u00dferst gesellschaftstauglich <a class=\"more-link\" href=\"https:\/\/scheidung-harmonisch.de\/?page_id=210\">Continue reading <i class=\"fa fa-chevron-right\"><\/i><\/a><\/p>\n","protected":false},"author":1,"featured_media":0,"parent":0,"menu_order":5,"comment_status":"closed","ping_status":"closed","template":"","meta":[],"_links":{"self":[{"href":"https:\/\/scheidung-harmonisch.de\/index.php?rest_route=\/wp\/v2\/pages\/210"}],"collection":[{"href":"https:\/\/scheidung-harmonisch.de\/index.php?rest_route=\/wp\/v2\/pages"}],"about":[{"href":"https:\/\/scheidung-harmonisch.de\/index.php?rest_route=\/wp\/v2\/types\/page"}],"author":[{"embeddable":true,"href":"https:\/\/scheidung-harmonisch.de\/index.php?rest_route=\/wp\/v2\/users\/1"}],"replies":[{"embeddable":true,"href":"https:\/\/scheidung-harmonisch.de\/index.php?rest_route=%2Fwp%2Fv2%2Fcomments&post=210"}],"version-history":[{"count":7,"href":"https:\/\/scheidung-harmonisch.de\/index.php?rest_route=\/wp\/v2\/pages\/210\/revisions"}],"predecessor-version":[{"id":253,"href":"https:\/\/scheidung-harmonisch.de\/index.php?rest_route=\/wp\/v2\/pages\/210\/revisions\/253"}],"wp:attachment":[{"href":"https:\/\/scheidung-harmonisch.de\/index.php?rest_route=%2Fwp%2Fv2%2Fmedia&parent=210"}],"curies":[{"name":"wp","href":"https:\/\/api.w.org\/{rel}","templated":true}]}}