{"id":44,"date":"2013-12-31T13:28:27","date_gmt":"2013-12-31T13:28:27","guid":{"rendered":"http:\/\/scheidung-harmonisch.de\/?page_id=44"},"modified":"2018-04-04T11:03:49","modified_gmt":"2018-04-04T11:03:49","slug":"kontakt","status":"publish","type":"page","link":"https:\/\/scheidung-harmonisch.de\/?page_id=44","title":{"rendered":"Kontakt"},"content":{"rendered":"<p><strong>Katja W\u00f6rmer<\/strong><\/p>\n<p>Rechtsanw\u00e4ltin<\/p>\n<p><span style=\"line-height: 1.5;\">Tel.: 0211 \u2013\u00a055794002<\/span><\/p>\n<p>Mobil: 0175 \u2013\u00a08838122<\/p>\n<p>Email: <a href=\"mailto:woermer@ra-woermer.de\">woermer@ra-woermer.de<\/a><span style=\"line-height: 1.5;\">\u00a0<\/span><\/p>\n<p><a style=\"line-height: 1.5;\" href=\"http:\/\/www.ra-woermer.de\">www.ra-woermer.de<\/a><\/p>\n<p><strong>Frank Rose<\/strong><\/p>\n<p>Heilpraktiker<\/p>\n<p>Tel.: 0211-76909834<\/p>\n<p>E-Mail:\u00a0<a href=\"mailto:info@rose-heilpraktiker.de\">info@rose-heilpraktiker.de<\/a><span style=\"line-height: 1.5;\">\u00a0<\/span><\/p>\n<p><a href=\"http:\/\/www.rose-heilpraktiker.de\">www.rose-heilpraktiker.de<\/a><\/p>\n<p>&nbsp;<\/p>\n<p><strong><span style=\"text-decoration: underline;\">B\u00fcro &#8211; Adresse:<\/span><\/strong><span style=\"text-decoration: underline;\"><a href=\"http:\/\/scheidung-harmonisch.de\/wp-content\/uploads\/2013\/12\/H\u00fcttenstra\u00dfeAu\u00dfen.jpg\"><img loading=\"lazy\" class=\"alignright wp-image-203 size-medium\" src=\"http:\/\/scheidung-harmonisch.de\/wp-content\/uploads\/2013\/12\/H\u00fcttenstra\u00dfeAu\u00dfen-300x225.jpg\" alt=\"huettenstrasseaussen\" width=\"300\" height=\"225\" srcset=\"https:\/\/scheidung-harmonisch.de\/wp-content\/uploads\/2013\/12\/H\u00fcttenstra\u00dfeAu\u00dfen-300x225.jpg 300w, https:\/\/scheidung-harmonisch.de\/wp-content\/uploads\/2013\/12\/H\u00fcttenstra\u00dfeAu\u00dfen-768x576.jpg 768w, https:\/\/scheidung-harmonisch.de\/wp-content\/uploads\/2013\/12\/H\u00fcttenstra\u00dfeAu\u00dfen-1024x768.jpg 1024w\" sizes=\"(max-width: 300px) 100vw, 300px\" \/><\/a><\/span><\/p>\n<p>H\u00fcttenstra\u00dfe 1 (Ecke K\u00d6)<\/p>\n<p>40215 D\u00fcsseldorf<\/p>\n<p>&nbsp;<\/p>\n<p><strong>Anfahrt:<\/strong><\/p>\n<p><a href=\"https:\/\/www.google.de\/maps\/dir\/''\/H\u00fcttenstra\u00dfe+1,+40215,+D\u00fcsseldorf\/@51.218708,6.775688,16z\/data=!3m1!4b1!4m8!4m7!1m0!1m5!1m1!1s0x47b8ca3e98b47cb9:0x5d9c6db8474e5367!2m2!1d6.7800654!2d51.2187014\">H\u00fcttenstra\u00dfe 1, 40215 D\u00fcsseldorf \u00fcber Google-Maps<\/a><\/p>\n<p>&nbsp;<\/p>\n<p><strong>Anfahrt mit \u00f6ffentlichen Verkehrsmitteln:<\/strong><\/p>\n<p>Direkt vor der T\u00fcr halten die U-Bahnen 706 und 708 sowie die Stra\u00dfenbahnen (701, 704, 709,715) oder die Buslinien 780, 782, 785, Haltestelle Berliner Allee.<\/p>\n<p>Autofahrer finden in den umliegenden Parkh\u00e4usern (Bahnstra\u00dfe, Talstra\u00dfe etc.) problemlos Parkm\u00f6glichkeiten. Abends und an Wochenenden k\u00f6nnen sie auch direkt vor der Praxis in der H\u00fcttenstra\u00dfe kostenlos parken.<\/p>\n<p>&nbsp;<\/p>\n<p>&nbsp;<\/p>\n<p>&nbsp;<\/p>\n","protected":false},"excerpt":{"rendered":"<p>Katja W\u00f6rmer Rechtsanw\u00e4ltin Tel.: 0211 \u2013\u00a055794002 Mobil: 0175 \u2013\u00a08838122 Email: woermer@ra-woermer.de\u00a0 www.ra-woermer.de Frank Rose Heilpraktiker Tel.: 0211-76909834 E-Mail:\u00a0info@rose-heilpraktiker.de\u00a0 www.rose-heilpraktiker.de &nbsp; B\u00fcro &#8211; Adresse: H\u00fcttenstra\u00dfe 1 (Ecke K\u00d6) 40215 D\u00fcsseldorf &nbsp; Anfahrt: H\u00fcttenstra\u00dfe 1, 40215 D\u00fcsseldorf \u00fcber Google-Maps &nbsp; Anfahrt mit \u00f6ffentlichen Verkehrsmitteln: Direkt vor der T\u00fcr halten die U-Bahnen 706 und 708 sowie die Stra\u00dfenbahnen <a class=\"more-link\" href=\"https:\/\/scheidung-harmonisch.de\/?page_id=44\">Continue reading <i class=\"fa fa-chevron-right\"><\/i><\/a><\/p>\n","protected":false},"author":1,"featured_media":0,"parent":0,"menu_order":6,"comment_status":"closed","ping_status":"closed","template":"","meta":[],"_links":{"self":[{"href":"https:\/\/scheidung-harmonisch.de\/index.php?rest_route=\/wp\/v2\/pages\/44"}],"collection":[{"href":"https:\/\/scheidung-harmonisch.de\/index.php?rest_route=\/wp\/v2\/pages"}],"about":[{"href":"https:\/\/scheidung-harmonisch.de\/index.php?rest_route=\/wp\/v2\/types\/page"}],"author":[{"embeddable":true,"href":"https:\/\/scheidung-harmonisch.de\/index.php?rest_route=\/wp\/v2\/users\/1"}],"replies":[{"embeddable":true,"href":"https:\/\/scheidung-harmonisch.de\/index.php?rest_route=%2Fwp%2Fv2%2Fcomments&post=44"}],"version-history":[{"count":29,"href":"https:\/\/scheidung-harmonisch.de\/index.php?rest_route=\/wp\/v2\/pages\/44\/revisions"}],"predecessor-version":[{"id":240,"href":"https:\/\/scheidung-harmonisch.de\/index.php?rest_route=\/wp\/v2\/pages\/44\/revisions\/240"}],"wp:attachment":[{"href":"https:\/\/scheidung-harmonisch.de\/index.php?rest_route=%2Fwp%2Fv2%2Fmedia&parent=44"}],"curies":[{"name":"wp","href":"https:\/\/api.w.org\/{rel}","templated":true}]}}