{"id":61,"date":"2014-02-09T23:55:09","date_gmt":"2014-02-09T23:55:09","guid":{"rendered":"http:\/\/scheidung-harmonisch.de\/?page_id=61"},"modified":"2019-01-07T17:48:25","modified_gmt":"2019-01-07T17:48:25","slug":"was-gilt-es-im-ernstfall-zu-regeln","status":"publish","type":"page","link":"https:\/\/scheidung-harmonisch.de\/?page_id=61","title":{"rendered":"Was gilt es im Ernstfall zu regeln?"},"content":{"rendered":"<p><a href=\"http:\/\/scheidung-harmonisch.de\/wp-content\/uploads\/2015\/02\/gericht.jpg\"><img loading=\"lazy\" class=\"alignnone size-full wp-image-128\" src=\"http:\/\/scheidung-harmonisch.de\/wp-content\/uploads\/2015\/02\/gericht.jpg\" alt=\"gericht\" width=\"106\" height=\"80\" \/><\/a><\/p>\n<p>&nbsp;<\/p>\n<p><strong><span style=\"text-decoration: underline;\">Bestimmung des Sorgerechts oder Umgangsregelungen f\u00fcr die gemeinsamen Kinder:<\/span><\/strong><\/p>\n<p>In den \u00fcberwiegenden F\u00e4llen sind nicht nur die Ehepartner und damit die direkten Parteien des Scheidungsverfahrens selbst betroffen, sondern auch Kinder als quasi &#8222;Mitleidtragende&#8220;: bei den klassischen Scheidungsverfahren werden diese oft zum &#8222;Zankapfel&#8220;, auf deren R\u00fccken quasi s\u00e4mtliche vorhandene emotionale Verletzungen ausgetragen werden. \u00a0Hier ist \u00fcber die Zuteilung des Sorgerechts sowie eventuelle Besuchsregelungen zu entscheiden. W\u00e4hrend heutzutage das gemeinsame Sorgerecht f\u00fcr die Eltern gl\u00fccklicherweise den Regelfall darstellt, werden zur konkreten Festlegung von Besuchszeiten leider oft immer noch Anw\u00e4lte oder sogar eine gerichtliche Regelung hinzugezogen. Was leider wenig bekannt ist: beide Sachverhalte k\u00f6nnen auch sehr wohl einvernehmlich und au\u00dfergerichtlich von den Parteien festgelegt werden, sofern hier Einigkeit erzielt wird.<\/p>\n<p>Dies d\u00fcrfte f\u00fcr alle Beteiligten, gerade auch f\u00fcr die Kinder selbst, falls diese anderenfalls eventuell sogar in einem Gerichtsprozess pers\u00f6nlich befragt werden, die angenehmste und am wenigsten belastende L\u00f6sung sein.<\/p>\n<p>Wir unterst\u00fctzen Sie hier gerne und finden mit Ihnen gemeinsam in Gespr\u00e4chen sowohl eine langfristige wie auch tragf\u00e4hige L\u00f6sung.<\/p>\n<p>&nbsp;<\/p>\n<p><strong><span style=\"text-decoration: underline;\">Kindesunterhalt:<\/span><\/strong><\/p>\n<p>Dasselbe gilt im \u00fcbrigen f\u00fcr die Zahlung des Kindesunterhaltes: w\u00e4hrend die sogenannte D\u00fcsseldorfer Tabelle hier heutzutage von Gerichten zur Regelung von Zahlungsverpflichtungen in Form von Maximalanspr\u00fcchen herangezogen wird, ist auch zu diesem Thema eine au\u00dfergerichtliche Einigung zwischen den Parteien \u00fcber der H\u00f6he nach angemessene und f\u00fcr beide Seiten trotz dessen zufriedenstellende Betr\u00e4ge m\u00f6glich, welche nat\u00fcrlich auch je nach \u00c4nderung der \u00e4u\u00dferen Umst\u00e4nde jeweils nachtr\u00e4glich an die jeweils bestehenden Anforderungen angepasst werden k\u00f6nnen.<\/p>\n<p>Auch hier beraten wir Sie nat\u00fcrlich sowohl juristisch als auch pragmatisch und menschlich, orientiert an der aktuell vorgefundenen individuellen Situation.<\/p>\n<p>&nbsp;<\/p>\n<p><strong><span style=\"text-decoration: underline;\">Ehegattenunterhalt:<\/span><\/strong><\/p>\n<p>Auch hier gibt es nat\u00fcrlich Regelungsbedarf und auch hier kann statt einer langwierigen und oft unangenehmen Situation vor Gericht auf eine vorgerichtliche einvernehmliche L\u00f6sung zwischen den Parteien zur\u00fcck gegriffen werden, bei welcher wir Ihnen gerne mit juristischer, aber auch Gespr\u00e4chs- und l\u00f6sungsorientierter Unterst\u00fctzung gerne zur Seite stehen.<\/p>\n<p>W\u00e4hrend es zum Trennungsunterhalt oft einvernehmlicher Regelungen bedarf, wird der sogenannte nacheheliche Unterhalt nur noch in eng begrenzten Ausnahmef\u00e4llen zugesprochen.<\/p>\n<p><strong><span><u>Festlegungen zu sonstigen Verm\u00f6gensfragen wie zum\u00a0Zugewinnausgleich bzw. G\u00fctertrennung, gemeinsamen Immobilien, Versorgungsausgleich, Hausrat etc.:<\/u><\/span><\/strong><\/p>\n<p>Dies sind s\u00e4mtliche wichtige Themen, welche der Gesetzgeber zum einen zur Regelung vorsieht, welche aber auch von Ihnen selbst und in Ihrem eigenen Interesse sinnvoll bestimmt werden k\u00f6nnen. Je nach dem, ob Sie im gesetzlichen G\u00fcterstand der Zugewinngemeinschaft leben oder beispielsweise G\u00fctertrennung vereinbart haben und einen Ehevertrag geschlossen haben oder aber welche Regelungen im Detail zwischen Ihnen als Ehepartner m\u00f6glicherweise schon getroffen wurden, sollte hier gut \u00fcberlegt entschieden werden, ob eine gemeinsam erworbene Immobilie im Zeitpunkt der Scheidung verkauft oder zun\u00e4chst behalten wird und ein Ehepartner, eventuell zusammen mit den gemeinsamen Kindern in dieser wohnen bleibt, was u.U. bei der Festlegung der Unterhaltsh\u00f6he zu ber\u00fccksichtigen ist, oder aber diese vorzugsweise unter Aufteilung des Ver\u00e4u\u00dferungserl\u00f6ses verkauft werden soll.<\/p>\n<p>Auch Regelungen zum Zugewinnausgleich sowie der w\u00e4hrend der Ehezeit erhaltenen Rentenanwartschaften (Versorgungsausgleich) sind u.U. zu treffen.<\/p>\n<p>Wenden Sie sich hierzu vertrauensvoll an uns als erfahrenes Team auf diesen Gebieten!<\/p>\n","protected":false},"excerpt":{"rendered":"<p>&nbsp; Bestimmung des Sorgerechts oder Umgangsregelungen f\u00fcr die gemeinsamen Kinder: In den \u00fcberwiegenden F\u00e4llen sind nicht nur die Ehepartner und damit die direkten Parteien des Scheidungsverfahrens selbst betroffen, sondern auch Kinder als quasi &#8222;Mitleidtragende&#8220;: bei den klassischen Scheidungsverfahren werden diese oft zum &#8222;Zankapfel&#8220;, auf deren R\u00fccken quasi s\u00e4mtliche vorhandene emotionale Verletzungen ausgetragen werden. \u00a0Hier ist <a class=\"more-link\" href=\"https:\/\/scheidung-harmonisch.de\/?page_id=61\">Continue reading <i class=\"fa fa-chevron-right\"><\/i><\/a><\/p>\n","protected":false},"author":1,"featured_media":0,"parent":0,"menu_order":4,"comment_status":"closed","ping_status":"closed","template":"","meta":[],"_links":{"self":[{"href":"https:\/\/scheidung-harmonisch.de\/index.php?rest_route=\/wp\/v2\/pages\/61"}],"collection":[{"href":"https:\/\/scheidung-harmonisch.de\/index.php?rest_route=\/wp\/v2\/pages"}],"about":[{"href":"https:\/\/scheidung-harmonisch.de\/index.php?rest_route=\/wp\/v2\/types\/page"}],"author":[{"embeddable":true,"href":"https:\/\/scheidung-harmonisch.de\/index.php?rest_route=\/wp\/v2\/users\/1"}],"replies":[{"embeddable":true,"href":"https:\/\/scheidung-harmonisch.de\/index.php?rest_route=%2Fwp%2Fv2%2Fcomments&post=61"}],"version-history":[{"count":11,"href":"https:\/\/scheidung-harmonisch.de\/index.php?rest_route=\/wp\/v2\/pages\/61\/revisions"}],"predecessor-version":[{"id":249,"href":"https:\/\/scheidung-harmonisch.de\/index.php?rest_route=\/wp\/v2\/pages\/61\/revisions\/249"}],"wp:attachment":[{"href":"https:\/\/scheidung-harmonisch.de\/index.php?rest_route=%2Fwp%2Fv2%2Fmedia&parent=61"}],"curies":[{"name":"wp","href":"https:\/\/api.w.org\/{rel}","templated":true}]}}