{"id":80,"date":"2015-02-12T19:24:20","date_gmt":"2015-02-12T19:24:20","guid":{"rendered":"http:\/\/scheidung-harmonisch.de\/?page_id=80"},"modified":"2019-02-20T10:34:58","modified_gmt":"2019-02-20T10:34:58","slug":"unser-konzept","status":"publish","type":"page","link":"https:\/\/scheidung-harmonisch.de\/?page_id=80","title":{"rendered":"Unser Konzept"},"content":{"rendered":"<p>Anders als bei einer reinen Rechtsberatung oder einer klassischen Therapiesitzung bzw. Mediation m\u00f6chten wir Sie nicht von Anfang an auf einen dieser Wege festlegen, sondern Ihnen ein jeweils individuelles Konzept anbieten, welches speziell zu ihrer konkreten Fallkonstellation und Ihren besonderen Fragestellungen passt!<\/p>\n<p>Die Begrifflichkeiten &#8222;Ihre Problematik&#8220; bzw. &#8222;Ihre pers\u00f6nlichen Probleme&#8220; verwenden wir ganz bewusst nicht, da wir in jedem Mandat f\u00fcr s\u00e4mtliche Betroffene neue Chancen sehen und stattdessen ganz klar L\u00f6sungen anbieten m\u00f6chten.<\/p>\n<p><a href=\"http:\/\/scheidung-harmonisch.de\/wp-content\/uploads\/2015\/02\/IMG_3700.jpg\"><img loading=\"lazy\" class=\"alignleft wp-image-131 size-large\" src=\"http:\/\/scheidung-harmonisch.de\/wp-content\/uploads\/2015\/02\/IMG_3700-402x1024.jpg\" alt=\"IMG_3700\" width=\"402\" height=\"1024\" srcset=\"https:\/\/scheidung-harmonisch.de\/wp-content\/uploads\/2015\/02\/IMG_3700-402x1024.jpg 402w, https:\/\/scheidung-harmonisch.de\/wp-content\/uploads\/2015\/02\/IMG_3700-118x300.jpg 118w, https:\/\/scheidung-harmonisch.de\/wp-content\/uploads\/2015\/02\/IMG_3700.jpg 446w\" sizes=\"(max-width: 402px) 100vw, 402px\" \/><\/a><\/p>\n<p style=\"text-align: center;\"><em><strong>&#8222;Jedes Ende ist zugleich ein neuer Anfang!&#8220;<\/strong><\/em><\/p>\n<p>Ein erster Termin soll daher zun\u00e4chst dem gemeinsamen Kennenlernen dienen und der Verschaffung eines \u00dcberblicks \u00fcber Ihren pers\u00f6nlichen Sachverhalt sowie dessen individuelle Merkmale, aus welchen sich bestimmte M\u00f6glichkeiten ergeben.<\/p>\n<p>Ihnen als Mandanten obliegt hier bereits eine Schwerpunktsetzung: liegt Ihr Hauptaugenmerk eher auf einer Rechtsberatung &#8211; vielleicht sogar in ganz klassischer Hinsicht zur Durchf\u00fchrung des Scheidungsverfahrens? &#8211; oder im Gegensatz dazu in einer eher therapeutisch angelegten Sitzung, eventuell in einer Paartherapie mit dem Ziel, eine Trennung entweder harmonisch bzw. einvernehmlich und auch friedvoll zu gestalten oder diese m\u00f6glicherweise sogar aufzuhalten und stattdessen, bestehende Missverst\u00e4ndnisse zu l\u00f6sen und einen Neuanfang zu wagen?<\/p>\n<p>Zwischen diesen aufgef\u00fchrten Alternativen bieten sich vielerlei unterschiedliche Wege und Nuancen an, welche Sie zusammen oder auch als \u00a0Einzelpersonen beschreiten k\u00f6nnen.<\/p>\n<p>Auch die Beratung einer einzelnen Partei ist demnach nat\u00fcrlich m\u00f6glich.<\/p>\n<p>Eine erste Sitzung, welche eine vollst\u00e4ndige und umfangreiche Beleuchtung s\u00e4mtlicher Aspekte Ihrer aktuellen Situation beinhaltet sowie auch deren Historie und zudem bei Ihnen als Mandanten in einer angenehmen Atmosph\u00e4re Vertrauen schaffen sollte, setzen wir daher in der Regel mit einem Zeitrahmen von ca. 1,5 Stunden an zu einer Erstberatungsgeb\u00fchr in H\u00f6he von 190,- \u20ac.<\/p>\n<p>Um hier zu wirklich f\u00fcr Sie zufriedenstellenden Ergebnissen zu gelangen und Ihre pers\u00f6nliche Situation ma\u00dfgeblich und nachhaltig zu verbessern, empfehlen wir erfahrungsgem\u00e4\u00df die Durchf\u00fchrung von mindestens 3 derartiger Sitzungen zu jeweils 1,5 Stunden.<\/p>\n<p>Danach sollte sich deutlich herauskristallisiert haben, welche Alternative f\u00fcr Sie die passende ist, ob Sie eine klassische rechtlich orientierte Trennungs- bzw. Scheidungsberatung und Durchf\u00fchrung w\u00fcnschen, einen eher therapeutischen Ansatz w\u00e4hlen m\u00f6chten oder ob es f\u00fcr Sie als Paar &#8211; vielleicht sogar \u00fcberraschenderweise &#8211; doch noch eine gemeinsame und dabei gl\u00fcckliche Zukunft gibt.<\/p>\n<p><strong>Rufen Sie uns gerne an oder mailen Sie uns!<\/strong><\/p>\n<p><strong>Gerne erhalten Sie weitere Informationen oder ein individuelles Angebot.<\/strong><\/p>\n<p>Nicht hiervon erfasst ist die &#8222;klassische juristische Beratung&#8220; wie Unterhaltsberechnungen, Durchf\u00fchrung des Scheidungsverfahrens oder anderer gerichtlicher Verfahren oder auch au\u00dfergerichtliche Schrifts\u00e4tze an die Gegenseite. Diesbez\u00fcglich werden selbstverst\u00e4ndlich die normalen Geb\u00fchren nach der offiziellen Rechtsanwaltsgeb\u00fchrenordnung f\u00e4llig.<\/p>\n<p><em>Alternativ bieten wir ein erstes Kennenlernen von uns als Beratern in einem verk\u00fcrzten Termin zu Sonderkonditionen an. So k\u00f6nnen Sie den nicht ganz unwichtigen Aspekt der pers\u00f6nlichen Sympathie und daraus resultierenden Bereitschaft zur Zusammenarbeit kosteng\u00fcnstig in Ihrem Sinne entscheiden.<\/em><\/p>\n<p><em>\u00a0<\/em><\/p>\n<p style=\"text-align: center;\"><em><strong><span style=\"text-decoration: underline;\">Konzept der einvernehmlichen Scheidung:<\/span><\/strong><\/em><\/p>\n<p>Dieses in der Regel gew\u00e4hlte Konzept unserer Mandanten dient ganz klar dem gemeinsamen Herausarbeiten der f\u00fcr Sie im Rahmen der Scheidung wichtigen Details zu verm\u00f6gensrechtlichen Fragestellungen, aber auch zur elterlichen Sorge bei vorhandenen Kindern.<\/p>\n<p>In einzelnen Workshops nehmen wir uns pro Termin ein bestimmtes Themengebiet vor und erarbeiten mit Ihnen zusammen jeweils eine f\u00fcr alle Beteiligten tragf\u00e4hige L\u00f6sung, deren Ergebnis direkt mit in den anwaltlichen Schriftsatz f\u00fcr das Gericht aufgenommen wird.<\/p>\n<p>Dies hat den eklatanten Vorteil, dass s\u00e4mtliche Fragen, welche wir vorliegend auf der Seite <a href=\"http:\/\/scheidung-harmonisch.de\/?page_id=61\">Was gilt es im Ernstfall zu regeln?<\/a>\u00a0\u00a0aufgef\u00fchrt haben, von Ihnen selbst bestimmt und entschieden werden k\u00f6nnen. Sie sind nicht mehr der kleine Laie oder das &#8222;hilflose Opfer&#8220;, welches der \u00fcbergeordneten Entscheidungsfindung durch die Justiz ausgeliefert ist und sich dieser unterordnen muss.<\/p>\n<p>Bedenken Sie dies, ein &#8222;endloser&#8220; Prozess mit mehreren sogenannten Folgeverfahren, in welchen die einzelnen Detailfragen zur verm\u00f6gensrechtlichen und sorgerechtlichen Auseinandersetzung durch das Gericht festgelegt werden, kann zum einen sehr hohe Kosten (ohne weiteres bis zu 10.000,- \u20ac oder mehr) verursachen, andererseits wird er letztlich zu Ergebnissen f\u00fchren, welche Sie oft so und in der Form nicht gewollt haben, auch wenn Sie sich zun\u00e4chst mit Ihrem (Ex-) Partner hier\u00fcber gestritten haben.<\/p>\n<p>Sie haben stattdessen\u00a0mit unserer Unterst\u00fctzung die Chance, selbst Verantwortung zu \u00fcbernehmen im Rahmen der Entscheidungsfindung anstelle sich einem b\u00fcrokratisch vorgegebenen Rahmen zu beugen!<\/p>\n<p style=\"text-align: center;\"><em><strong>Nutzen Sie diese Chance!<\/strong><\/em><\/p>\n","protected":false},"excerpt":{"rendered":"<p>Anders als bei einer reinen Rechtsberatung oder einer klassischen Therapiesitzung bzw. Mediation m\u00f6chten wir Sie nicht von Anfang an auf einen dieser Wege festlegen, sondern Ihnen ein jeweils individuelles Konzept anbieten, welches speziell zu ihrer konkreten Fallkonstellation und Ihren besonderen Fragestellungen passt! Die Begrifflichkeiten &#8222;Ihre Problematik&#8220; bzw. &#8222;Ihre pers\u00f6nlichen Probleme&#8220; verwenden wir ganz bewusst nicht, <a class=\"more-link\" href=\"https:\/\/scheidung-harmonisch.de\/?page_id=80\">Continue reading <i class=\"fa fa-chevron-right\"><\/i><\/a><\/p>\n","protected":false},"author":1,"featured_media":0,"parent":0,"menu_order":2,"comment_status":"closed","ping_status":"closed","template":"","meta":[],"_links":{"self":[{"href":"https:\/\/scheidung-harmonisch.de\/index.php?rest_route=\/wp\/v2\/pages\/80"}],"collection":[{"href":"https:\/\/scheidung-harmonisch.de\/index.php?rest_route=\/wp\/v2\/pages"}],"about":[{"href":"https:\/\/scheidung-harmonisch.de\/index.php?rest_route=\/wp\/v2\/types\/page"}],"author":[{"embeddable":true,"href":"https:\/\/scheidung-harmonisch.de\/index.php?rest_route=\/wp\/v2\/users\/1"}],"replies":[{"embeddable":true,"href":"https:\/\/scheidung-harmonisch.de\/index.php?rest_route=%2Fwp%2Fv2%2Fcomments&post=80"}],"version-history":[{"count":30,"href":"https:\/\/scheidung-harmonisch.de\/index.php?rest_route=\/wp\/v2\/pages\/80\/revisions"}],"predecessor-version":[{"id":264,"href":"https:\/\/scheidung-harmonisch.de\/index.php?rest_route=\/wp\/v2\/pages\/80\/revisions\/264"}],"wp:attachment":[{"href":"https:\/\/scheidung-harmonisch.de\/index.php?rest_route=%2Fwp%2Fv2%2Fmedia&parent=80"}],"curies":[{"name":"wp","href":"https:\/\/api.w.org\/{rel}","templated":true}]}}