{"id":9,"date":"2013-12-28T18:35:21","date_gmt":"2013-12-28T18:35:21","guid":{"rendered":"http:\/\/scheidung-harmonisch.de\/?page_id=9"},"modified":"2018-05-24T21:34:48","modified_gmt":"2018-05-24T21:34:48","slug":"impressum","status":"publish","type":"page","link":"https:\/\/scheidung-harmonisch.de\/?page_id=9","title":{"rendered":"Impressum"},"content":{"rendered":"<p><strong>Verantwortlich f\u00fcr den Inhalt dieser Webside:<\/strong><\/p>\n<p>&nbsp;<\/p>\n<p><strong>Katja W\u00f6rmer<\/strong><\/p>\n<p>Rechtsanw\u00e4ltin<\/p>\n<p><strong>B\u00fcroadresse:<\/strong><\/p>\n<p>Mathildenstra\u00dfe 16,\u00a045130 Essen<\/p>\n<p>H\u00fcttenstra\u00dfe 1, 40215 D\u00fcsseldorf<\/p>\n<p>Tel.: 0211 &#8211;\u00a055794002<\/p>\n<p>Mobil: 0175 &#8211;\u00a08838122<\/p>\n<p>Email: <a href=\"mailto:woermer@ra-woermer.de\">woermer@ra-woermer.de<\/a><span style=\"line-height: 1.5;\">\u00a0<\/span><\/p>\n<p>&nbsp;<\/p>\n<p><b>Berufsbezeichnungen\/Berufsregeln\/Versicherung<\/b><\/p>\n<p>Die gesetzliche Berufsbezeichnung &#8222;Rechtsanw\u00e4ltin&#8220; wurde in der Bundesrepublik Deutschland (Bundesland Nordrhein-Westfalen) erworben.<br \/>\nEs gelten folgende Berufs- und Geb\u00fchrenordnungen:<\/p>\n<p>&#8211; BRAO &#8211; Bundesrechtsanwaltsordnung;<br \/>\n&#8211; BORA &#8211; Berufsordnung der Rechtsanw\u00e4lte;<br \/>\n&#8211; RVG &#8211; Rechtsanwaltsverg\u00fctungsgesetz;<br \/>\n&#8211; Berufsregeln der Rechtsanw\u00e4lte der Europ\u00e4ischen Union;<br \/>\n&#8211; Standesregeln der Rechtsanw\u00e4lte in der Europ\u00e4ischen Gemeinschaft<\/p>\n<p>Wiedergabe der Vorschriften unter\u00a0<a title=\"Bundesrechtsanwaltskammer\" href=\"http:\/\/www.brak.de\/\" target=\"_blank\" rel=\"noopener\">www.brak.de<\/a><\/p>\n<p>Die gesetzlich vorgeschriebene Berufshaftpflichtversicherung besteht bei der Allianz Versicherung AG, K\u00f6niginstr. 28, 80802 M\u00fcnchen.<\/p>\n<p>Zust\u00e4ndige Aufsichtsbeh\u00f6rde:\u00a0 Rechtsanwaltskammer bei dem\u00a0<a href=\"http:\/\/www.rak-hamm.de\/\">Oberlandesgericht Hamm<\/a>,\u00a0Ostenallee 18, 59063 Hamm.<\/p>\n<p>&nbsp;<\/p>\n<p><strong>Haftung f\u00fcr Inhalte:<\/strong><\/p>\n<p>S\u00e4mtliche Inhalte dieser Seiten wurden nach bestem Wissen und Gewissen erstellt. F\u00fcr die Richtigkeit, Vollst\u00e4ndigkeit und Aktualit\u00e4t der Inhalte kann jedoch keine Gew\u00e4hr \u00fcbernommen werden. Jegliche Haftung der Autoren oder Seitenbetreiber ist ausgeschlossen. Hinweise und Ratschl\u00e4ge, die die Gesundheit betreffen, ersetzen keinesfalls die Untersuchung oder Behandlung durch einen Arzt oder Heilpraktiker. Vor der Anwendung gesundheitlicher Tipps sollte daher ein Arzt konsultiert werden. Die Aussagen in einzelnen Beitr\u00e4gen geben nicht in jedem Fall die Meinung der Seitenbetreiber wieder.<\/p>\n<p><strong>Haftung f\u00fcr externe Links:<\/strong><\/p>\n<p>Trotz sorgf\u00e4ltiger inhaltlicher Kontrolle \u00fcbernehmen wir keine Haftung f\u00fcr die Inhalte externer Links. F\u00fcr den Inhalt der verlinkten Seiten sind ausschlie\u00dflich deren Betreiber verantwortlich. Die verlinkten Seiten wurden zum Zeitpunkt der Verlinkung auf m\u00f6gliche Rechtsverst\u00f6\u00dfe gepr\u00fcft.<\/p>\n<p><strong>Urheberrecht:<\/strong><\/p>\n<p>Alle Rechte f\u00fcr s\u00e4mtliche Beitr\u00e4ge auf diesen Seiten bleiben vorbehalten. Grunds\u00e4tzlich unterliegen alle Inhalte (Texte, Bilder, Graphiken, Videos etc.) auf diesen Seiten dem deutschen Urheberrecht. Die Inhalte dieser Seite d\u00fcrfen weder kopiert, verbreitet, ver\u00e4ndert noch Dritten zug\u00e4nglich gemacht werden. Das Zitieren aus Texten dieser Seiten ist nur zul\u00e4ssig mit genauer Quellenangabe. Eine Reproduktion eines vollst\u00e4ndigen Artikels oder gr\u00f6\u00dferer Teile davon, ob in Printform, in elektronischen Medien oder auf Webseiten, bedarf der vorherigen Zustimmung des Seitenbetreibers bzw. des jeweiligen Autors.<\/p>\n<p>&nbsp;<\/p>\n","protected":false},"excerpt":{"rendered":"<p>Verantwortlich f\u00fcr den Inhalt dieser Webside: &nbsp; Katja W\u00f6rmer Rechtsanw\u00e4ltin B\u00fcroadresse: Mathildenstra\u00dfe 16,\u00a045130 Essen H\u00fcttenstra\u00dfe 1, 40215 D\u00fcsseldorf Tel.: 0211 &#8211;\u00a055794002 Mobil: 0175 &#8211;\u00a08838122 Email: woermer@ra-woermer.de\u00a0 &nbsp; Berufsbezeichnungen\/Berufsregeln\/Versicherung Die gesetzliche Berufsbezeichnung &#8222;Rechtsanw\u00e4ltin&#8220; wurde in der Bundesrepublik Deutschland (Bundesland Nordrhein-Westfalen) erworben. Es gelten folgende Berufs- und Geb\u00fchrenordnungen: &#8211; BRAO &#8211; Bundesrechtsanwaltsordnung; &#8211; BORA &#8211; Berufsordnung der <a class=\"more-link\" href=\"https:\/\/scheidung-harmonisch.de\/?page_id=9\">Continue reading <i class=\"fa fa-chevron-right\"><\/i><\/a><\/p>\n","protected":false},"author":1,"featured_media":0,"parent":0,"menu_order":7,"comment_status":"closed","ping_status":"closed","template":"","meta":[],"_links":{"self":[{"href":"https:\/\/scheidung-harmonisch.de\/index.php?rest_route=\/wp\/v2\/pages\/9"}],"collection":[{"href":"https:\/\/scheidung-harmonisch.de\/index.php?rest_route=\/wp\/v2\/pages"}],"about":[{"href":"https:\/\/scheidung-harmonisch.de\/index.php?rest_route=\/wp\/v2\/types\/page"}],"author":[{"embeddable":true,"href":"https:\/\/scheidung-harmonisch.de\/index.php?rest_route=\/wp\/v2\/users\/1"}],"replies":[{"embeddable":true,"href":"https:\/\/scheidung-harmonisch.de\/index.php?rest_route=%2Fwp%2Fv2%2Fcomments&post=9"}],"version-history":[{"count":7,"href":"https:\/\/scheidung-harmonisch.de\/index.php?rest_route=\/wp\/v2\/pages\/9\/revisions"}],"predecessor-version":[{"id":247,"href":"https:\/\/scheidung-harmonisch.de\/index.php?rest_route=\/wp\/v2\/pages\/9\/revisions\/247"}],"wp:attachment":[{"href":"https:\/\/scheidung-harmonisch.de\/index.php?rest_route=%2Fwp%2Fv2%2Fmedia&parent=9"}],"curies":[{"name":"wp","href":"https:\/\/api.w.org\/{rel}","templated":true}]}}